{"id":39,"date":"2021-06-03T23:35:44","date_gmt":"2021-06-04T03:35:44","guid":{"rendered":"https:\/\/www.semanariolocal.cl\/?page_id=39"},"modified":"2024-08-13T13:57:45","modified_gmt":"2024-08-13T17:57:45","slug":"area-comercial","status":"publish","type":"page","link":"https:\/\/www.semanariolocal.cl\/?page_id=39","title":{"rendered":"\u00c1rea Comercial"},"content":{"rendered":"\n<p><strong>001.-BANNER PUBLICITARIO EN SEMANARIO LOCAL<\/strong><\/p>\n\n\n\n<figure class=\"wp-block-table is-style-stripes\"><table class=\"has-fixed-layout\"><tbody><tr><td>Banner publicitario 950 x 150 px&nbsp;<\/td><td>$250.000 + IVA<\/td><\/tr><tr><td>Banner publicitario 1350 x 130 px&nbsp;<\/td><td>$150.000 + IVA<\/td><\/tr><tr><td>Banner Publicitario 728 x 90 px&nbsp;<\/td><td>$120.000 + IVA<\/td><\/tr><tr><td>Banner Publicitario 300 x 250 px<\/td><td>$&nbsp; 90.000 + IVA<\/td><\/tr><tr><td>Banner Publicitario 468 x 60 px &nbsp;&nbsp;&nbsp;&nbsp;&nbsp;&nbsp;&nbsp;&nbsp;&nbsp;&nbsp;&nbsp;&nbsp;<\/td><td>$&nbsp; 75.000 + IVA<\/td><\/tr><tr><td>Difusi\u00f3n en redes sociales por 7 d\u00edas<\/td><td>$200.000 + IVA<\/td><\/tr><\/tbody><\/table><\/figure>\n\n\n\n<p><strong>002.-AVISOS CLASIFICADOS LEGALES<\/strong><\/p>\n\n\n\n<figure class=\"wp-block-table is-style-stripes\"><table class=\"has-fixed-layout\"><tbody><tr><td>Incluye certificado y respaldo de publicaci\u00f3n con firma avanzada digital electr\u00f3nica<\/td><td>$25.000 m\u00e1s IVA <br><\/td><\/tr><\/tbody><\/table><figcaption class=\"wp-element-caption\">Observaci\u00f3n. Un aviso clasificado considera la publicaci\u00f3n de caracteres equivalente a media p\u00e1gina carta u oficio  letra Arial o times new roman tama\u00f1o 12.  Para publicaci\u00f3n de balance y o memorias consultar precio en base a esta referencia.<\/figcaption><\/figure>\n\n\n\n<p><strong>003.-PUBLICIDAD SERVEL<\/strong><\/p>\n\n\n\n<p>Publicidad Electoral Informada al SERVEL Para proceso eleccionario PROCESO CONSTITUCIONAL &#8211; 2023.<\/p>\n\n\n\n<figure class=\"wp-block-table is-style-stripes\"><table class=\"has-fixed-layout\"><tbody><tr><td>Banner Formato Especial 1350 x 230 px \u00a0\u00a0\u00a0\u00a0\u00a0\u00a0\u00a0\u00a0\u00a0\u00a0\u00a0\u00a0\u00a0\u00a0<\/td><td>$400.000 + IVA<\/td><\/tr><tr><td>Banner Publicitario 728 x 90&nbsp;&nbsp;&nbsp;&nbsp;&nbsp;&nbsp;&nbsp;&nbsp;&nbsp;&nbsp;&nbsp;&nbsp;&nbsp;&nbsp;&nbsp;&nbsp;&nbsp;&nbsp;&nbsp;&nbsp;&nbsp; <\/td><td>$150.000 + IVA<\/td><\/tr><tr><td>Banner Publicitario 300 x 250 px&nbsp;&nbsp;&nbsp;&nbsp;&nbsp;&nbsp;<\/td><td>$120.000 + IVA<\/td><\/tr><tr><td>Banner Publicitario 468 x 60 px &nbsp;&nbsp;&nbsp;&nbsp;&nbsp;&nbsp;&nbsp;&nbsp;&nbsp;&nbsp;&nbsp;&nbsp;&nbsp;&nbsp; &nbsp;&nbsp;&nbsp;&nbsp;&nbsp;&nbsp;&nbsp;&nbsp;&nbsp;&nbsp;&nbsp;&nbsp;&nbsp;&nbsp; <\/td><td>$100.000 + IVA<\/td><\/tr><tr><td>Video 90 segundos 1920 x 1080 px<\/td><td>$350.000 + IVA<\/td><\/tr><tr><td>Video 90 segundos 1080 x 720 px&nbsp;&nbsp;&nbsp;&nbsp;&nbsp;&nbsp;&nbsp;&nbsp;&nbsp;&nbsp;&nbsp;<\/td><td>$250.000 + IVA<\/td><\/tr><tr><td>C\u00e1psula simple video 120 segundos<\/td><td>$130.000 + IVA<\/td><\/tr><tr><td>Entrevista Video 28 minutos en terreno<\/td><td>$170.000 + IVA<\/td><\/tr><tr><td>Entrevista Video v\u00eda Skype 45 minutos &nbsp; &nbsp;&nbsp;&nbsp;&nbsp;&nbsp;&nbsp;&nbsp;&nbsp;&nbsp;&nbsp;&nbsp;&nbsp;&nbsp;&nbsp;<\/td><td>$&nbsp; 80.000 + IVA<\/td><\/tr><tr><td>Grabaci\u00f3n y edici\u00f3n de Podcast 90 minutos<\/td><td>$130.000 + IVA<\/td><\/tr><tr><td>Apoyo programa radial 45 minutos &nbsp;&nbsp;&nbsp;&nbsp;&nbsp;&nbsp;&nbsp;<\/td><td>$&nbsp; 70.000 + IVA<\/td><\/tr><tr><td>Difusi\u00f3n en RRSS  35% del total invertido\u00a0\u00a0\u00a0\u00a0\u00a0<\/td><td>$  100.000 + IVA<\/td><\/tr><\/tbody><\/table><\/figure>\n\n\n\n<p><strong>004.-PUBLICACI\u00d3N EN MEDIOS<\/strong><\/p>\n\n\n\n<figure class=\"wp-block-table is-style-stripes\"><table class=\"has-fixed-layout\"><tbody><tr><td>Reportajes de Investigaci\u00f3n Prensa Escrita <\/td><td>$400.000 + IVA<\/td><\/tr><\/tbody><\/table><figcaption class=\"wp-element-caption\">Descripci\u00f3n del servicio: se trata de un art\u00edculo de prensa escrito de hasta 6.000 caracteres.&nbsp; Incluye&nbsp; un set de 5 fotograf\u00edas sobre un tema y enfoque a definir por el requirente. El material es entregado en un plazo de 7 d\u00edas.&nbsp; No contempla traslado ni gastos de producci\u00f3n o gastos asociados. Incluye archivo en PDF, publicaci\u00f3n en Semanario Local, publicaci\u00f3n org\u00e1nica en redes sociales y distribuci\u00f3n a medios locales de comunicaci\u00f3n.<\/figcaption><\/figure>\n\n\n\n<p> <strong>005.- &nbsp;Emisi\u00f3n Nota de Prensa&nbsp; y Art\u00edculos Escritos en Semanario Local<\/strong><\/p>\n\n\n\n<figure class=\"wp-block-table is-style-stripes\"><table class=\"has-fixed-layout\"><tbody><tr><td>Comunicados de prensa &#8211; publicaci\u00f3n sujetas a&nbsp;disponibilidad del editor<\/td><td>SIN COSTO<\/td><\/tr><tr><td>Columnas de Opini\u00f3n con elaboraci\u00f3n externa &nbsp;&nbsp;<\/td><td>$45.000 + IVA<\/td><\/tr><tr><td>Columna de Opini\u00f3n con redacci\u00f3n Semanario Local <\/td><td>$75.000 + IVA<\/td><\/tr><tr><td>Nota de Prensa con Redacci\u00f3n Externa&nbsp; &nbsp;&nbsp;&nbsp;&nbsp;<\/td><td>$60.000 + IVA<\/td><\/tr><tr><td>Nota de Prensa &#8211; Redacci\u00f3n Semanario Local <\/td><td>$80.000 + IVA<\/td><\/tr><\/tbody><\/table><\/figure>\n\n\n\n<p><strong>006.-&nbsp; Art\u00edculo Patrocinado \u2013 Publi Reportaje &#8211; Paid post<\/strong><\/p>\n\n\n\n<figure class=\"wp-block-table is-style-stripes\"><table><tbody><tr><td>Descripci\u00f3n del Servicio : Se trata de articulo de prensa en modo org\u00e1nico de car\u00e1cter comercial, institucional y\/o promocional redactado en forma externa con elaboraci\u00f3n de estrategia SEO que puede incluir hasta 3 Do Follow , 3 fotograf\u00edas, sin l\u00edmite de extensi\u00f3n, &nbsp;sin marca externa. El material ser\u00e1 proporcionado directamente por el solicitante del servicio y ser\u00e1 pagado v\u00eda Paypal una vez realizada y comprobada la publicaci\u00f3n. El articulo puede incluir la totalidad de temas CON EXCEPCI\u00d3N &nbsp;de temas de azar, nigromancia, adivinaci\u00f3n, tarotismo, parapsicolog\u00eda, ocultismos, ciencias alternativas, de car\u00e1cter sexual, er\u00f3tico o XXX que atente contra la moral y las buenas costumbres de acuerdo a la legislaci\u00f3n de Chile y su idiosincrasia. Costo del Servicio $ 95.000 &nbsp;(noventa y cinco mil pesos moneda CH$ Moneda nacional ) U$ 120 D\u00f3lares estadounidense.<\/td><\/tr><\/tbody><\/table><\/figure>\n\n\n\n<p><strong>007.-Servicio de Cobertura de prensa. (despacho)<\/strong><\/p>\n\n\n\n<figure class=\"wp-block-table is-style-stripes\"><table class=\"has-fixed-layout\"><tbody><tr><td>Cobertura Simple en Terreno<\/td><td>$85.000 m\u00e1s IVA<\/td><\/tr><\/tbody><\/table><figcaption class=\"wp-element-caption\">Entrevista en Terreno tipo despacho ( M\u00e1ximo 10 minutos) Incluye : &nbsp;Nota de prensa escrita y publicada en <a href=\"http:\/\/www.semanariolocal.cl\">www.semanariolocal.cl<\/a>. Set de 15 Fotograf\u00edas HD. Video formato Facebook &#8211; &nbsp;Youtube &#8211; LinkedIn ( 10 minutos m\u00e1ximo )Distribuci\u00f3n a trav\u00e9s de redes sociales. M\u00e1ximo 2 horas en terreno. Ejemplo : <a href=\"https:\/\/www.youtube.com\/watch?v=5qHyP2XaogU&amp;t=338s\"><mark style=\"background-color:rgba(0, 0, 0, 0)\" class=\"has-inline-color has-vivid-purple-color\"><strong>https:\/\/www.youtube.com\/watch?v=5qHyP2XaogU&amp;t=338s<\/strong><\/mark><\/a><\/figcaption><\/figure>\n\n\n\n<p><strong>008.-Servicio Nota de prensa en video.(nota)<\/strong><\/p>\n\n\n\n<figure class=\"wp-block-table is-style-stripes\"><table class=\"has-fixed-layout\"><tbody><tr><td>Nota de prensa en video. <\/td><td>$150.000 m\u00e1s IVA<\/td><\/tr><\/tbody><\/table><figcaption class=\"wp-element-caption\">Documento audiovisual con voz en OFF o modo testimonial con un m\u00e1ximo 3 minutos. Incluye : Nota de prensa escrita y publicada en <a href=\"http:\/\/www.semanariolocal.cl\">www.semanariolocal.cl<\/a>. Set de 15 Fotograf\u00edas HD. Video Formato Instagram, Twitter, WathsApp. Facebook &#8211; &nbsp;Youtube &#8211; LinkedIn ( 5 minutos m\u00e1ximo ). Distribuci\u00f3n a trav\u00e9s de redes sociales. M\u00e1ximo 5 horas en terreno. Revise este ejemplo : <a href=\"https:\/\/youtu.be\/Q5t4-by5p8M\" target=\"_blank\" rel=\"noreferrer noopener\"><mark style=\"background-color:rgba(0, 0, 0, 0)\" class=\"has-inline-color has-vivid-purple-color\"><strong>https:\/\/youtu.be\/Q5t4-by5p8M<\/strong><\/mark><\/a><\/figcaption><\/figure>\n\n\n\n<p><strong>009.-Servicio Cobertura &nbsp;Ampliada de prensa. <\/strong><\/p>\n\n\n\n<figure class=\"wp-block-table is-style-stripes\"><table class=\"has-fixed-layout\"><tbody><tr><td>Microprograma TV<\/td><td>$150.000 m\u00e1s IVA<\/td><\/tr><\/tbody><\/table><figcaption class=\"wp-element-caption\">Programa entrevista multimedial de 25 minutos a tres c\u00e1maras. Nota de prensa en video voz en OFF o testimonial m\u00e1ximo 3 minutos. Nota de prensa escrita y publicada en <a href=\"http:\/\/www.semanariolocal.cl\">www.semanariolocal.cl<\/a>. Set de 15 Fotograf\u00edas HD . Video Formato Instagram &nbsp;y Twitter de 90 segundos m\u00e1ximo. Video formato Facebook &#8211; &nbsp;Youtube &#8211; LinkedIn ( 10 minutos m\u00e1ximo ) Distribuci\u00f3n en redes sociales. M\u00e1ximo 2 horas en terreno<\/figcaption><\/figure>\n\n\n\n<p><strong>010.-&nbsp;Micro&nbsp;Videos Institucionales o Micro reportajes <\/strong> <\/p>\n\n\n\n<figure class=\"wp-block-table is-style-stripes\"><table class=\"has-fixed-layout\"><tbody><tr><td>Para organismo de gobierno<\/td><td>$150.000 + IVA .<\/td><\/tr><tr><td>Organizaciones sociales funcionales y territoriales &nbsp;<\/td><td>$120.000 + IVA.<\/td><\/tr><tr><td>Organizaciones de ayuda social en funciones &nbsp;&nbsp;&nbsp;&nbsp;<\/td><td>$&nbsp; 90.000 + IVA. &nbsp;<\/td><\/tr><tr><td>Organizaciones de ayuda con financiamiento p\u00fablico&nbsp; <\/td><td>$150.000 + IVA<\/td><\/tr><tr><td>Empresas Privadas &nbsp;&nbsp;&nbsp;<\/td><td>$180.000 + IVA<\/td><\/tr><\/tbody><\/table><figcaption class=\"wp-element-caption\">Descripci\u00f3n del servicio. Se trata de un plan b\u00e1sico de video que considera 1 d\u00eda de grabaci\u00f3n \u2013 luz d\u00eda y hasta 8 minutos editados. Con planificaci\u00f3n &nbsp;y producci\u00f3n previa y &nbsp;direcci\u00f3n propia. No contempla traslado ni gastos de producci\u00f3n o gastos asociados. Revise Ejemplo : <strong><a href=\"https:\/\/youtu.be\/gVoG4W9cmdU\"><mark style=\"background-color:rgba(0, 0, 0, 0)\" class=\"has-inline-color has-vivid-purple-color\">https:\/\/youtu.be\/gVoG4W9cmdU<\/mark><\/a><mark style=\"background-color:rgba(0, 0, 0, 0)\" class=\"has-inline-color has-vivid-purple-color\"> <\/mark><\/strong> (Domingo y festivo recargo un 60%).<\/figcaption><\/figure>\n\n\n\n<p><strong>011.- Entrevista Audiovisual Semanario Local&nbsp;<\/strong><\/p>\n\n\n\n<figure class=\"wp-block-table is-style-stripes\"><table class=\"has-fixed-layout\"><tbody><tr><td>Entrevista tipo TV<\/td><td>$140.000 + IVA<\/td><\/tr><\/tbody><\/table><figcaption class=\"wp-element-caption\">Descripci\u00f3n del servicio: Se trata de una entrevista grabada en formato televisivo al alero de Semanario Local efectuada &nbsp;en terreno con un m\u00e1ximo de 30 minutos a tres c\u00e1maras y con hasta 3 panelistas adicionales al conductor. Solo Luz Dia . No incluye gastos de traslado, locaci\u00f3n y producci\u00f3n. Domingo y festivo recargo un 60%<\/figcaption><\/figure>\n\n\n\n<p><strong>012.- Nota de prensa en video&nbsp;<\/strong><\/p>\n\n\n\n<figure class=\"wp-block-table is-style-stripes\"><table class=\"has-fixed-layout\"><tbody><tr><td>Nota de Prensa Simple<\/td><td>$ 120.000 + IVA<\/td><\/tr><\/tbody><\/table><figcaption class=\"wp-element-caption\">Descripci\u00f3n del servicio: &nbsp;Se trata de una nota de prensa al alero de Semanario Local con un m\u00e1ximo cinco minutos y un m\u00e1ximo de tres cu\u00f1as. Incluye versi\u00f3n corta de dos minutos para redes sociales con una cu\u00f1a. Solo Luz Dia . No incluye gastos de traslado, locaci\u00f3n y producci\u00f3n. . Domingo y festivo recargo un 60% .<\/figcaption><\/figure>\n\n\n\n<p>&nbsp;Ejemplo :<mark style=\"background-color:rgba(0, 0, 0, 0)\" class=\"has-inline-color has-vivid-purple-color\"> <\/mark><a href=\"https:\/\/www.youtube.com\/watch?v=YTqgT1fRQmo\"><strong>https:\/\/www.youtube.com\/watch?v=YTqgT1fRQmo<\/strong><\/a><\/p>\n\n\n\n<p><strong>013.- Servicios de Grabaci\u00f3n y Registro en video.<\/strong><\/p>\n\n\n\n<figure class=\"wp-block-table is-style-stripes\"><table class=\"has-fixed-layout\"><tbody><tr><td>Grabaci\u00f3n y Registro<\/td><td>$150.000 + IVA<\/td><\/tr><\/tbody><\/table><figcaption class=\"wp-element-caption\">Descripci\u00f3n del servicio : Se trata de un registro audiovisual de im\u00e1genes sin editar en calidad 4k \u2013 Hd \u2013 SD con sonido ambiente realizada en una jornada de tiempo m\u00e1ximo de 2 horas en condiciones de luz d\u00eda con planificaci\u00f3n y coordinaci\u00f3n previa. No contempla gastos de traslado ni gastos adicionales de producci\u00f3n. (Domingo y festivo recargo un 60%) &nbsp;<\/figcaption><\/figure>\n\n\n\n<p><strong>014.- Servicios de Pre-Edici\u00f3n<\/strong><\/p>\n\n\n\n<figure class=\"wp-block-table is-style-stripes\"><table class=\"has-fixed-layout\"><tbody><tr><td>Pre &#8211; edici\u00f3n<\/td><td> $80.000 + IVA<\/td><\/tr><\/tbody><\/table><figcaption class=\"wp-element-caption\">Descripci\u00f3n del servicio : Se trata de una selecci\u00f3n de im\u00e1genes y jerarquizaci\u00f3n seg\u00fan tem\u00e1ticas &nbsp;en calidad 4k \u2013 Hd \u2013 SD con sonido ambiente. &nbsp;realizada en una jornada de tiempo m\u00e1ximo de 2 horas y un video final de hasta 10 minutos pre-editados basado solo en grabaci\u00f3n propia. (Domingo y festivo recargo un 60%)<\/figcaption><\/figure>\n\n\n\n<p><strong>015.- Servicios de&nbsp; Edici\u00f3n<\/strong><\/p>\n\n\n\n<figure class=\"wp-block-table is-style-stripes\"><table class=\"has-fixed-layout\"><tbody><tr><td>Edici\u00f3n de material audiovisual<\/td><td>$120.000 m\u00e1s IVA<\/td><\/tr><\/tbody><\/table><figcaption class=\"wp-element-caption\">Descripci\u00f3n del servicio : Se trata de una edici\u00f3n de video con musicalizaci\u00f3n de libre uso y con un video final de hasta 10 minutos &nbsp;en calidad 4k \u2013 Hd \u2013 SD. Trabajo realizado durante una jornada, incluye generador de caracteres. Alternativa de musicalizaci\u00f3n. M\u00fasica con costo adicional (Domingo y festivo recargo un 60%) &nbsp;Incluye una jornada de correcci\u00f3n libre.<\/figcaption><\/figure>\n\n\n\n<p><strong>016.- Servicios de correcci\u00f3n adicional de video<\/strong><\/p>\n\n\n\n<figure class=\"wp-block-table is-style-stripes\"><table class=\"has-fixed-layout\"><tbody><tr><td>Correccion de Video<\/td><td>$50.000 m\u00e1s IVA<\/td><\/tr><\/tbody><\/table><figcaption class=\"wp-element-caption\">Descripci\u00f3n del Servicio: Se trata de la segunda &nbsp;correcci\u00f3n de video realizado a una edici\u00f3n corregida y efectuada anteriormente basado solo en grabaci\u00f3n y edici\u00f3n propia. (Domingo y festivo recargo un 60%)<\/figcaption><\/figure>\n\n\n\n<p><strong>017.- Entrevista Radial Semanario Local<\/strong><\/p>\n\n\n\n<figure class=\"wp-block-table is-style-stripes\"><table class=\"has-fixed-layout\"><tbody><tr><td>Grabaci\u00f3n Radial<\/td><td>$90.000 + IVA<\/td><\/tr><\/tbody><\/table><figcaption class=\"wp-element-caption\">Descripci\u00f3n del Servicio : Se trata de una entrevista radial grabada, editada y musicalizada estilo Podcast en formato HQ audio profesional con hasta tres panelistas en locaci\u00f3n a elegir y un tiempo m\u00e1ximo de 45 minutos. Domingo y festivo recargo un 60%. Ciclo de grabaciones mensuales 30% de descuento.<\/figcaption><\/figure>\n\n\n\n<p><strong>018.-Conducci\u00f3n entrevistas radiales<\/strong><\/p>\n\n\n\n<figure class=\"wp-block-table is-style-stripes\"><table class=\"has-fixed-layout\"><tbody><tr><td>Locuci\u00f3n y Conducci\u00f3n<\/td><td>$180.000<\/td><\/tr><\/tbody><\/table><figcaption class=\"wp-element-caption\">Descripci\u00f3n del Servicio. Conducci\u00f3n y locuci\u00f3n de una serie de 4 entrevista radiales mensuales en espacio de emisora establecida y contratada previamente por el solicitante del servicio. Duraci\u00f3n de cada entrevista hasta 90 minutos. Domingo y festivo recargo un 60%.<\/figcaption><\/figure>\n\n\n\n<p><strong>019.-.- Elaboraci\u00f3n P\u00e1ginas y sitios Web<\/strong><\/p>\n\n\n\n<figure class=\"wp-block-table is-style-stripes\"><table class=\"has-fixed-layout\"><tbody><tr><td>Dise\u00f1o Web Plan B\u00e1sico<\/td><td>$150.000 + IVA<\/td><\/tr><\/tbody><\/table><figcaption class=\"wp-element-caption\">Descripci\u00f3n del Servicio:&nbsp; Plan b\u00e1sico. Se trata de la instalaci\u00f3n y adecuaci\u00f3n de una plantillas de 5 p\u00e1ginas web compatible con todo tipo de plataformas que incluyen p\u00e1ginas home \u2013 Contacto \u2013 Quienes Somos \u2013 2 art\u00edculos presentaci\u00f3n y servicios u otros a definir. Se incluye breve capacitaci\u00f3n para cambio de art\u00edculos. Son cobros adicionales servicios de nic, hosting, streaming, plantillas, posicionamiento y seguridad y lanzamiento. Material, fotograf\u00edas, banner y textos ser\u00e1n proporcionados por el requirente del servicio o elaborados por Semanario Local con un recargo adicional. Entrega del Sitio &nbsp;en 72 horas una vez proporcionado el 100% de material.<\/figcaption><\/figure>\n\n\n\n<p><strong>020.- Administraci\u00f3n de Redes Sociales<\/strong><\/p>\n\n\n\n<figure class=\"wp-block-table is-style-stripes\"><table class=\"has-fixed-layout\"><tbody><tr><td>020A.-Plan B\u00e1sico<\/td><td>$ 150.000 + IVA<\/td><\/tr><\/tbody><\/table><figcaption class=\"wp-element-caption\">Descripci\u00f3n del Servicio: Se trata de la &nbsp;activaci\u00f3n, monitorizaci\u00f3n, , &nbsp;revisi\u00f3n &nbsp;y publicaci\u00f3n en redes sociales (twitter \u2013 Facebook \u2013 Instagram y Linkedin) en forma &nbsp;ocasional sobre temas definidos y acordados previamente. Consulte metodolog\u00eda de trabajo.<\/figcaption><\/figure>\n\n\n\n<figure class=\"wp-block-table is-style-stripes\"><table class=\"has-fixed-layout\"><tbody><tr><td>020B.-Plan Intermedio <\/td><td>$ 450.000 + IVA<\/td><\/tr><\/tbody><\/table><figcaption class=\"wp-element-caption\">Descripci\u00f3n del Servicio : Se trata de la &nbsp;activaci\u00f3n, monitorizaci\u00f3n, revisi\u00f3n &nbsp;y publicaci\u00f3n en redes sociales (twitter \u2013 Facebook \u2013 Instagram y Linkedin) en forma &nbsp;ocasional sobre temas definidos y acordados previamente. Agregando la construcci\u00f3n del publico segmentado en todas las redes. Participaci\u00f3n Activa en redes sociales. Reuni\u00f3n de pauta semanal. Coordinaci\u00f3n de actividades y estrategias. Consulte metodolog\u00eda de trabajo.<\/figcaption><\/figure>\n\n\n\n<figure class=\"wp-block-table is-style-stripes\"><table class=\"has-fixed-layout\"><tbody><tr><td>020C.- Plan Avanzado &nbsp;&nbsp;&nbsp;&nbsp;<\/td><td>$ 1.400.000 + IVA &nbsp;<\/td><\/tr><\/tbody><\/table><figcaption class=\"wp-element-caption\">Descripci\u00f3n del Servicio : Se trata de la &nbsp;activaci\u00f3n, monitorizaci\u00f3n, revisi\u00f3n &nbsp;y publicaci\u00f3n en redes sociales (twitter \u2013 Facebook \u2013 Instagram \u2013 Linkedin &#8211; ticktok) en forma &nbsp;diaria sobre temas definidos y acordados previamente. Agregando la construcci\u00f3n del publico segmentado en todas las redes. Participaci\u00f3n y presencia activa y diaria en redes. Elaboraci\u00f3n de Recursos originales. Estrategias publicitarias de redes. Campa\u00f1a publicitaria en redes. 3 reuniones de pauta presenciales a la semana. Coordinaci\u00f3n de actividades y estrategias. Capacitaci\u00f3n. Estructuraci\u00f3n de equipos de trabajo. Consulte metodolog\u00eda de trabajo y cl\u00e1usula especial de salida.<\/figcaption><\/figure>\n\n\n\n<p><strong>021.-DISE\u00d1O GR\u00c1FICO EDITORIAL<\/strong><\/p>\n\n\n\n<figure class=\"wp-block-table is-style-stripes\"><table class=\"has-fixed-layout\"><tbody><tr><td>Dise\u00f1o Gr\u00e1fico &#8211; Consulta Servicio<\/td><td>$45.000 +IVA<\/td><\/tr><\/tbody><\/table><figcaption class=\"wp-element-caption\">Elaboraci\u00f3n de Revistas, afiches, d\u00edpticos, Manuales, folletos y gr\u00e1fica publicitaria de todo tipo. Elaboremos juntos su proyecto gr\u00e1fico.<\/figcaption><\/figure>\n\n\n\n<p><strong>022.-ASESOR\u00cdAS<\/strong><\/p>\n\n\n\n<figure class=\"wp-block-table is-style-stripes\"><table class=\"has-fixed-layout\"><tbody><tr><td>1.- Asesor\u00eda<\/td><td>$50.000 + IVA<\/td><\/tr><\/tbody><\/table><figcaption class=\"wp-element-caption\">Descripci\u00f3n : se trata de una reuni\u00f3n de trabajo PRESENCIAL INDIVIDUAL O GRUPAL con un m\u00e1ximo de 90 minutos de lunes a viernes entre las 09:00 horas a 20:00 horas &nbsp;en un horario y fecha programado con anterioridad. Tem\u00e1tica acordada en la agenda de solicitud del servicio.<\/figcaption><\/figure>\n\n\n\n<figure class=\"wp-block-table is-style-stripes\"><table class=\"has-fixed-layout\"><tbody><tr><td> 2.- Consulta Telef\u00f3nica <\/td><td>$35.000 + IVA<\/td><\/tr><\/tbody><\/table><figcaption class=\"wp-element-caption\">Descripci\u00f3n : se trata de una reuni\u00f3n de trabajo telef\u00f3nico INDIVIDUAL con un m\u00e1ximo de 40 minutos de lunes a viernes entre las 09:00 horas a 20:00 horas &nbsp;en un horario y fecha programado con anterioridad. Tem\u00e1tica acordada en la agenda del servicio.<\/figcaption><\/figure>\n\n\n\n<figure class=\"wp-block-table is-style-stripes\"><table class=\"has-fixed-layout\"><tbody><tr><td>3.-Consulta Web<\/td><td> $40.000 + IVA<\/td><\/tr><\/tbody><\/table><figcaption class=\"wp-element-caption\">Descripci\u00f3n : se trata de una reuni\u00f3n de trabajo Virtual INDIVIDUAL a trav\u00e9s de la plataforma Skype o Zoom con un m\u00e1ximo de 1 hora de lunes a viernes entre las 09:00 horas a 20:00 horas &nbsp;en un horario y fecha programado con anterioridad. Tem\u00e1tica acordada en la agenda del servicio.<\/figcaption><\/figure>\n\n\n\n<figure class=\"wp-block-table is-style-stripes\"><table class=\"has-fixed-layout\"><tbody><tr><td>4.-Consulta Web Multiple<\/td><td>$65.000 + IVA<\/td><\/tr><\/tbody><\/table><figcaption class=\"wp-element-caption\">Descripci\u00f3n : se trata de una reuni\u00f3n de trabajo Virtual GRUPAL a trav\u00e9s de la plataforma Skype o Zoom con un m\u00e1ximo de 1 hora de lunes a viernes entre las 09:00 horas a 20:00 horas &nbsp;en un horario y fecha programado con anterioridad. Tem\u00e1tica acordada en la agenda del servicio.<\/figcaption><\/figure>\n\n\n\n<p><strong>023.-PATROCINIO COMENTARIO EDITORIAL<\/strong><\/p>\n\n\n\n<figure class=\"wp-block-table is-style-stripes\"><table class=\"has-fixed-layout\"><tbody><tr><td>Comentario Editorial Buenos D\u00edas Domingo (Radio Musicoop de Osorno)<\/td><td>$ 120.000 + IVA Mensual<\/td><\/tr><\/tbody><\/table><figcaption class=\"wp-element-caption\">Se trata de una menci\u00f3n radial cuatro veces al mes en Programa Radial Buenos Dias Domingo<\/figcaption><\/figure>\n\n\n\n<p><\/p>\n\n\n\n<figure class=\"wp-block-table is-style-stripes\"><table class=\"has-fixed-layout\"><tbody><tr><td>Comentario Editorial exclusivo en Semanario Local<\/td><td>180.000 + IVA<\/td><\/tr><\/tbody><\/table><figcaption class=\"wp-element-caption\">Se trata de  4 emisiones al mes &#8211; inicio y cierre &#8211; no considera spot) Garantizamos 2000 oyentes<\/figcaption><\/figure>\n\n\n\n<p><\/p>\n\n\n\n<p><strong>024.-OTROS SERVICIOS<\/strong><\/p>\n\n\n\n<figure class=\"wp-block-table is-style-stripes\"><table><tbody><tr><td>Aviso Publicitario en Radio Online Semanario Local (servicio suspendido temporalmente)<br>$50.000 + IVA&nbsp;&nbsp; (10 emisiones diarias 30 d\u00edas )(NO CONSIDERA CONSTRUCCI\u00d3N DE SPOT)<\/td><\/tr><\/tbody><\/table><\/figure>\n\n\n\n<figure class=\"wp-block-table is-style-stripes\"><table><tbody><tr><td>Auspicio Comentario Editorial en Inet Televisi\u00f3n (servicio suspendido temporalmente)<br>$400.000 + IVA ( 4 emisiones al mes &#8211; inicio y cierre ) (no considera spot)<\/td><\/tr><\/tbody><\/table><\/figure>\n\n\n\n<p>GARANTIZAMOS CONFIDENCIALIDAD ABSOLUTA. CONSULTE POR SU OPCI\u00d3N DE SERVICIO (Solicite Copia contrato, orden de compra.)<\/p>\n","protected":false},"excerpt":{"rendered":"<p>001.-BANNER PUBLICITARIO EN SEMANARIO LOCAL Banner publicitario 950 x 150 px&nbsp; $250.000 + IVA Banner publicitario 1350 x 130 px&nbsp; $150.000 + IVA Banner Publicitario 728 x 90 px&nbsp; $120.000 + IVA Banner Publicitario 300 x 250 px $&nbsp; 90.000 + IVA Banner Publicitario 468 x 60 px &nbsp;&nbsp;&nbsp;&nbsp;&nbsp;&nbsp;&nbsp;&nbsp;&nbsp;&nbsp;&nbsp;&nbsp; $&nbsp; 75.000 + IVA Difusi\u00f3n en&#8230;<a class=\"btnReadMore\" href=\"https:\/\/www.semanariolocal.cl\/?page_id=39\"> Leer M\u00e1s<\/a><\/p>\n","protected":false},"author":1,"featured_media":40,"parent":0,"menu_order":0,"comment_status":"closed","ping_status":"closed","template":"","meta":{"footnotes":""},"class_list":["post-39","page","type-page","status-publish","has-post-thumbnail","hentry"],"_links":{"self":[{"href":"https:\/\/www.semanariolocal.cl\/index.php?rest_route=\/wp\/v2\/pages\/39","targetHints":{"allow":["GET"]}}],"collection":[{"href":"https:\/\/www.semanariolocal.cl\/index.php?rest_route=\/wp\/v2\/pages"}],"about":[{"href":"https:\/\/www.semanariolocal.cl\/index.php?rest_route=\/wp\/v2\/types\/page"}],"author":[{"embeddable":true,"href":"https:\/\/www.semanariolocal.cl\/index.php?rest_route=\/wp\/v2\/users\/1"}],"replies":[{"embeddable":true,"href":"https:\/\/www.semanariolocal.cl\/index.php?rest_route=%2Fwp%2Fv2%2Fcomments&post=39"}],"version-history":[{"count":52,"href":"https:\/\/www.semanariolocal.cl\/index.php?rest_route=\/wp\/v2\/pages\/39\/revisions"}],"predecessor-version":[{"id":22998,"href":"https:\/\/www.semanariolocal.cl\/index.php?rest_route=\/wp\/v2\/pages\/39\/revisions\/22998"}],"wp:featuredmedia":[{"embeddable":true,"href":"https:\/\/www.semanariolocal.cl\/index.php?rest_route=\/wp\/v2\/media\/40"}],"wp:attachment":[{"href":"https:\/\/www.semanariolocal.cl\/index.php?rest_route=%2Fwp%2Fv2%2Fmedia&parent=39"}],"curies":[{"name":"wp","href":"https:\/\/api.w.org\/{rel}","templated":true}]}}